{"id":1704,"date":"2026-03-30T16:45:00","date_gmt":"2026-03-30T14:45:00","guid":{"rendered":"https:\/\/hgm-menuiseries.fr\/?page_id=1704"},"modified":"2026-03-30T17:37:57","modified_gmt":"2026-03-30T15:37:57","slug":"mentions-legales","status":"publish","type":"page","link":"https:\/\/hgm-menuiseries.fr\/index.php\/mentions-legales\/","title":{"rendered":"Mentions l\u00e9gales"},"content":{"rendered":"\t\t<div data-elementor-type=\"wp-page\" data-elementor-id=\"1704\" class=\"elementor elementor-1704\" data-elementor-post-type=\"page\">\n\t\t\t\t<div class=\"elementor-element elementor-element-dc4cf42 e-grid e-con-boxed e-con e-parent\" data-id=\"dc4cf42\" data-element_type=\"container\">\n\t\t\t\t\t<div class=\"e-con-inner\">\n\t\t\t\t<div class=\"elementor-element elementor-element-c9eaae1 elementor-widget elementor-widget-image\" data-id=\"c9eaae1\" data-element_type=\"widget\" data-widget_type=\"image.default\">\n\t\t\t\t<div class=\"elementor-widget-container\">\n\t\t\t\t\t\t\t\t\t\t\t\t\t<img decoding=\"async\" width=\"300\" height=\"62\" src=\"https:\/\/hgm-menuiseries.fr\/wp-content\/uploads\/2024\/10\/PetitLogo-HGM.jpg\" class=\"attachment-large size-large wp-image-990\" alt=\"\" \/>\t\t\t\t\t\t\t\t\t\t\t\t\t<\/div>\n\t\t\t\t<\/div>\n\t\t\t\t<div class=\"elementor-element elementor-element-97a0f78 elementor-nav-menu--dropdown-tablet elementor-nav-menu__text-align-aside elementor-nav-menu--toggle elementor-nav-menu--burger elementor-widget elementor-widget-nav-menu\" data-id=\"97a0f78\" data-element_type=\"widget\" data-settings=\"{&quot;layout&quot;:&quot;horizontal&quot;,&quot;submenu_icon&quot;:{&quot;value&quot;:&quot;&lt;svg class=\\&quot;e-font-icon-svg e-fas-caret-down\\&quot; viewBox=\\&quot;0 0 320 512\\&quot; xmlns=\\&quot;http:\\\/\\\/www.w3.org\\\/2000\\\/svg\\&quot;&gt;&lt;path d=\\&quot;M31.3 192h257.3c17.8 0 26.7 21.5 14.1 34.1L174.1 354.8c-7.8 7.8-20.5 7.8-28.3 0L17.2 226.1C4.6 213.5 13.5 192 31.3 192z\\&quot;&gt;&lt;\\\/path&gt;&lt;\\\/svg&gt;&quot;,&quot;library&quot;:&quot;fa-solid&quot;},&quot;toggle&quot;:&quot;burger&quot;}\" data-widget_type=\"nav-menu.default\">\n\t\t\t\t<div class=\"elementor-widget-container\">\n\t\t\t\t\t\t<nav aria-label=\"Menu\" class=\"elementor-nav-menu--main elementor-nav-menu__container elementor-nav-menu--layout-horizontal e--pointer-underline e--animation-fade\">\n\t\t\t\t<ul id=\"menu-1-97a0f78\" class=\"elementor-nav-menu\"><li class=\"menu-item menu-item-type-post_type menu-item-object-page menu-item-home menu-item-1647\"><a href=\"https:\/\/hgm-menuiseries.fr\/\" class=\"elementor-item\">Accueil<\/a><\/li>\n<li class=\"menu-item menu-item-type-post_type menu-item-object-page menu-item-1650\"><a href=\"https:\/\/hgm-menuiseries.fr\/index.php\/page-realisations\/\" class=\"elementor-item\">Nos r\u00e9alisations<\/a><\/li>\n<li class=\"menu-item menu-item-type-post_type menu-item-object-page menu-item-1648\"><a href=\"https:\/\/hgm-menuiseries.fr\/index.php\/accueil\/notices-dentretien\/\" class=\"elementor-item\">Notices d\u2019entretien<\/a><\/li>\n<li class=\"menu-item menu-item-type-post_type menu-item-object-page menu-item-1649\"><a href=\"https:\/\/hgm-menuiseries.fr\/index.php\/contact\/\" class=\"elementor-item\">Contact<\/a><\/li>\n<\/ul>\t\t\t<\/nav>\n\t\t\t\t\t<div class=\"elementor-menu-toggle\" role=\"button\" tabindex=\"0\" aria-label=\"Permuter le menu\" aria-expanded=\"false\">\n\t\t\t<svg aria-hidden=\"true\" role=\"presentation\" class=\"elementor-menu-toggle__icon--open e-font-icon-svg e-eicon-menu-bar\" viewBox=\"0 0 1000 1000\" xmlns=\"http:\/\/www.w3.org\/2000\/svg\"><path d=\"M104 333H896C929 333 958 304 958 271S929 208 896 208H104C71 208 42 237 42 271S71 333 104 333ZM104 583H896C929 583 958 554 958 521S929 458 896 458H104C71 458 42 487 42 521S71 583 104 583ZM104 833H896C929 833 958 804 958 771S929 708 896 708H104C71 708 42 737 42 771S71 833 104 833Z\"><\/path><\/svg><svg aria-hidden=\"true\" role=\"presentation\" class=\"elementor-menu-toggle__icon--close e-font-icon-svg e-eicon-close\" viewBox=\"0 0 1000 1000\" xmlns=\"http:\/\/www.w3.org\/2000\/svg\"><path d=\"M742 167L500 408 258 167C246 154 233 150 217 150 196 150 179 158 167 167 154 179 150 196 150 212 150 229 154 242 171 254L408 500 167 742C138 771 138 800 167 829 196 858 225 858 254 829L496 587 738 829C750 842 767 846 783 846 800 846 817 842 829 829 842 817 846 804 846 783 846 767 842 750 829 737L588 500 833 258C863 229 863 200 833 171 804 137 775 137 742 167Z\"><\/path><\/svg>\t\t\t<span class=\"elementor-screen-only\">Menu<\/span>\n\t\t<\/div>\n\t\t\t\t\t<nav class=\"elementor-nav-menu--dropdown elementor-nav-menu__container\" aria-hidden=\"true\">\n\t\t\t\t<ul id=\"menu-2-97a0f78\" class=\"elementor-nav-menu\"><li class=\"menu-item menu-item-type-post_type menu-item-object-page menu-item-home menu-item-1647\"><a href=\"https:\/\/hgm-menuiseries.fr\/\" class=\"elementor-item\" tabindex=\"-1\">Accueil<\/a><\/li>\n<li class=\"menu-item menu-item-type-post_type menu-item-object-page menu-item-1650\"><a href=\"https:\/\/hgm-menuiseries.fr\/index.php\/page-realisations\/\" class=\"elementor-item\" tabindex=\"-1\">Nos r\u00e9alisations<\/a><\/li>\n<li class=\"menu-item menu-item-type-post_type menu-item-object-page menu-item-1648\"><a href=\"https:\/\/hgm-menuiseries.fr\/index.php\/accueil\/notices-dentretien\/\" class=\"elementor-item\" tabindex=\"-1\">Notices d\u2019entretien<\/a><\/li>\n<li class=\"menu-item menu-item-type-post_type menu-item-object-page menu-item-1649\"><a href=\"https:\/\/hgm-menuiseries.fr\/index.php\/contact\/\" class=\"elementor-item\" tabindex=\"-1\">Contact<\/a><\/li>\n<\/ul>\t\t\t<\/nav>\n\t\t\t\t<\/div>\n\t\t\t\t<\/div>\n\t\t\t\t\t<\/div>\n\t\t\t\t<\/div>\n\t\t\t\t<section class=\"elementor-section elementor-top-section elementor-element elementor-element-4940c5a elementor-section-boxed elementor-section-height-default elementor-section-height-default\" data-id=\"4940c5a\" data-element_type=\"section\">\n\t\t\t\t\t\t\t<div class=\"elementor-background-overlay\"><\/div>\n\t\t\t\t\t\t\t<div class=\"elementor-container elementor-column-gap-default\">\n\t\t\t\t\t<div class=\"elementor-column elementor-col-100 elementor-top-column elementor-element elementor-element-18ebd42\" data-id=\"18ebd42\" data-element_type=\"column\">\n\t\t\t<div class=\"elementor-widget-wrap elementor-element-populated\">\n\t\t\t\t\t\t<div class=\"elementor-element elementor-element-ff5f684 elementor-widget elementor-widget-heading\" data-id=\"ff5f684\" data-element_type=\"widget\" data-widget_type=\"heading.default\">\n\t\t\t\t<div class=\"elementor-widget-container\">\n\t\t\t<h2 class=\"elementor-heading-title elementor-size-default\">Mentions l\u00e9gales<\/h2>\t\t<\/div>\n\t\t\t\t<\/div>\n\t\t\t\t<div class=\"elementor-element elementor-element-d4103aa elementor-widget elementor-widget-text-editor\" data-id=\"d4103aa\" data-element_type=\"widget\" data-widget_type=\"text-editor.default\">\n\t\t\t\t<div class=\"elementor-widget-container\">\n\t\t\t\t\t\t\t<p><strong>\u00c9diteur du site<\/strong><br \/>Le pr\u00e9sent site est \u00e9dit\u00e9 par : HGM<br \/>Statut : Entreprise<br \/>Adresse : Chem. du Bois Rond, 69720 Saint-Laurent-de-Mure<br \/>SIRET : 52300003200046<br \/>Email : hgmcommande@gmail.com<br \/>T\u00e9l\u00e9phone : 04 69 84 64 99<\/p>\t\t\t\t\t\t<\/div>\n\t\t\t\t<\/div>\n\t\t\t\t<div class=\"elementor-element elementor-element-f64e7a7 elementor-widget elementor-widget-text-editor\" data-id=\"f64e7a7\" data-element_type=\"widget\" data-widget_type=\"text-editor.default\">\n\t\t\t\t<div class=\"elementor-widget-container\">\n\t\t\t\t\t\t\t<p><strong>Prestataire<\/strong><br \/>Cr\u00e9ation technique et design par :<br \/>EI Karine Colnel &#8211; STUDIO TECH\u2019AILES<br \/>Statut : Auto-entrepreneur<br \/>Adresse : 390 chemin de Chateaubourg 69390 Millery<br \/>SIRET : 49088054900020<br \/>Email : contact@tech-ailes.com<\/p>\t\t\t\t\t\t<\/div>\n\t\t\t\t<\/div>\n\t\t\t\t<div class=\"elementor-element elementor-element-04d641c elementor-widget elementor-widget-text-editor\" data-id=\"04d641c\" data-element_type=\"widget\" data-widget_type=\"text-editor.default\">\n\t\t\t\t<div class=\"elementor-widget-container\">\n\t\t\t\t\t\t\t<p><strong>H\u00e9bergement<\/strong><br \/>Le site est h\u00e9berg\u00e9 par : OVH<br \/>2 rue Kellermann 59100 Roubaix<\/p>\t\t\t\t\t\t<\/div>\n\t\t\t\t<\/div>\n\t\t\t\t<div class=\"elementor-element elementor-element-a860aa5 elementor-widget elementor-widget-text-editor\" data-id=\"a860aa5\" data-element_type=\"widget\" data-widget_type=\"text-editor.default\">\n\t\t\t\t<div class=\"elementor-widget-container\">\n\t\t\t\t\t\t\t<p><strong>Propri\u00e9t\u00e9 intellectuelle<\/strong><br \/>L\u2019ensemble du contenu pr\u00e9sent sur ce site (textes, images, graphismes, logo, vid\u00e9os) est la propri\u00e9t\u00e9 exclusive de Studio Tech\u2019Ailes, sauf mention contraire.<br \/>Toute reproduction, distribution ou utilisation sans autorisation est strictement interdite.<\/p>\t\t\t\t\t\t<\/div>\n\t\t\t\t<\/div>\n\t\t\t\t<div class=\"elementor-element elementor-element-05b3f17 elementor-widget elementor-widget-text-editor\" data-id=\"05b3f17\" data-element_type=\"widget\" data-widget_type=\"text-editor.default\">\n\t\t\t\t<div class=\"elementor-widget-container\">\n\t\t\t\t\t\t\t<p><strong>Responsabilit\u00e9<\/strong><br \/>Studio Tech\u2019Ailes s\u2019efforce de fournir des informations aussi pr\u00e9cises que possible. Toutefois, il ne pourra \u00eatre tenu responsable des omissions, inexactitudes ou carences dans la mise \u00e0 jour.<\/p>\t\t\t\t\t\t<\/div>\n\t\t\t\t<\/div>\n\t\t\t\t<div class=\"elementor-element elementor-element-f67da2b elementor-widget elementor-widget-text-editor\" data-id=\"f67da2b\" data-element_type=\"widget\" data-widget_type=\"text-editor.default\">\n\t\t\t\t<div class=\"elementor-widget-container\">\n\t\t\t\t\t\t\t<p><strong>Conditions g\u00e9n\u00e9rales de vente<\/strong><br \/>Les CVG sont fournies lors du devis ou facture par la soci\u00e9t\u00e9 HGM<\/p>\t\t\t\t\t\t<\/div>\n\t\t\t\t<\/div>\n\t\t\t\t<div class=\"elementor-element elementor-element-5a41cdd elementor-widget elementor-widget-text-editor\" data-id=\"5a41cdd\" data-element_type=\"widget\" data-widget_type=\"text-editor.default\">\n\t\t\t\t<div class=\"elementor-widget-container\">\n\t\t\t\t\t\t\t<p><strong>Donn\u00e9es personnelles<\/strong><br \/>Les informations relatives \u00e0 la collecte et au traitement des donn\u00e9es personnelles sont d\u00e9taill\u00e9es dans la politique de confidentialit\u00e9 accessible sur le site.<\/p>\t\t\t\t\t\t<\/div>\n\t\t\t\t<\/div>\n\t\t\t\t<div class=\"elementor-element elementor-element-4893929 elementor-widget elementor-widget-text-editor\" data-id=\"4893929\" data-element_type=\"widget\" data-widget_type=\"text-editor.default\">\n\t\t\t\t<div class=\"elementor-widget-container\">\n\t\t\t\t\t\t\t<p><strong>Cookies<\/strong><br \/>Le site peut utiliser des cookies. Pour en savoir plus consulter la politique de cookies.<\/p>\t\t\t\t\t\t<\/div>\n\t\t\t\t<\/div>\n\t\t\t\t\t<\/div>\n\t\t<\/div>\n\t\t\t\t\t<\/div>\n\t\t<\/section>\n\t\t\t\t<\/div>\n\t\t","protected":false},"excerpt":{"rendered":"<p>Mentions l\u00e9gales \u00c9diteur du siteLe pr\u00e9sent site est \u00e9dit\u00e9 par : HGMStatut : EntrepriseAdresse : Chem. du Bois Rond, 69720 Saint-Laurent-de-MureSIRET : 52300003200046Email : hgmcommande@gmail.comT\u00e9l\u00e9phone : 04 69 84 64 99 PrestataireCr\u00e9ation technique et design par :EI Karine Colnel &#8211; STUDIO TECH\u2019AILESStatut : Auto-entrepreneurAdresse : 390 chemin de Chateaubourg 69390 MillerySIRET : 49088054900020Email : contact@tech-ailes.com [&hellip;]<\/p>\n","protected":false},"author":1,"featured_media":0,"parent":0,"menu_order":3,"comment_status":"closed","ping_status":"closed","template":"elementor_header_footer","meta":{"footnotes":""},"class_list":["post-1704","page","type-page","status-publish","hentry"],"_links":{"self":[{"href":"https:\/\/hgm-menuiseries.fr\/index.php\/wp-json\/wp\/v2\/pages\/1704","targetHints":{"allow":["GET"]}}],"collection":[{"href":"https:\/\/hgm-menuiseries.fr\/index.php\/wp-json\/wp\/v2\/pages"}],"about":[{"href":"https:\/\/hgm-menuiseries.fr\/index.php\/wp-json\/wp\/v2\/types\/page"}],"author":[{"embeddable":true,"href":"https:\/\/hgm-menuiseries.fr\/index.php\/wp-json\/wp\/v2\/users\/1"}],"replies":[{"embeddable":true,"href":"https:\/\/hgm-menuiseries.fr\/index.php\/wp-json\/wp\/v2\/comments?post=1704"}],"version-history":[{"count":10,"href":"https:\/\/hgm-menuiseries.fr\/index.php\/wp-json\/wp\/v2\/pages\/1704\/revisions"}],"predecessor-version":[{"id":1726,"href":"https:\/\/hgm-menuiseries.fr\/index.php\/wp-json\/wp\/v2\/pages\/1704\/revisions\/1726"}],"wp:attachment":[{"href":"https:\/\/hgm-menuiseries.fr\/index.php\/wp-json\/wp\/v2\/media?parent=1704"}],"curies":[{"name":"wp","href":"https:\/\/api.w.org\/{rel}","templated":true}]}}